{"id":502,"date":"2024-02-07T08:57:06","date_gmt":"2024-02-07T07:57:06","guid":{"rendered":"https:\/\/www.apstudiocommerciale.com\/?page_id=502"},"modified":"2024-02-07T09:02:23","modified_gmt":"2024-02-07T08:02:23","slug":"trasformazioni","status":"publish","type":"page","link":"https:\/\/www.apstudiocommerciale.com\/index.php\/trasformazioni\/","title":{"rendered":"Trasformazioni"},"content":{"rendered":"\t\t<div data-elementor-type=\"wp-page\" data-elementor-id=\"502\" class=\"elementor elementor-502\">\n\t\t\t\t<div class=\"elementor-element elementor-element-f799244 e-flex e-con-boxed e-con e-parent\" data-id=\"f799244\" data-element_type=\"container\" data-settings=\"{&quot;container_type&quot;:&quot;flex&quot;,&quot;content_width&quot;:&quot;boxed&quot;}\" data-core-v316-plus=\"true\">\n\t\t\t\t\t<div class=\"e-con-inner\">\n\t\t\t\t<div class=\"elementor-element elementor-element-7bcf671 elementor-widget elementor-widget-shortcode\" data-id=\"7bcf671\" data-element_type=\"widget\" data-widget_type=\"shortcode.default\">\n\t\t\t\t<div class=\"elementor-widget-container\">\n\t\t\t\t\t<div class=\"elementor-shortcode\"><\/div>\n\t\t\t\t<\/div>\n\t\t\t\t<\/div>\n\t\t\t\t\t<\/div>\n\t\t\t\t<\/div>\n\t\t<div class=\"elementor-element elementor-element-14429a0 e-flex e-con-boxed e-con e-parent\" data-id=\"14429a0\" data-element_type=\"container\" data-settings=\"{&quot;container_type&quot;:&quot;flex&quot;,&quot;content_width&quot;:&quot;boxed&quot;}\" data-core-v316-plus=\"true\">\n\t\t\t\t\t<div class=\"e-con-inner\">\n\t\t\t\t<div class=\"elementor-element elementor-element-50d4763 elementor-widget elementor-widget-spacer\" data-id=\"50d4763\" data-element_type=\"widget\" data-widget_type=\"spacer.default\">\n\t\t\t\t<div class=\"elementor-widget-container\">\n\t\t\t<style>\/*! elementor - v3.19.0 - 28-02-2024 *\/\n.elementor-column .elementor-spacer-inner{height:var(--spacer-size)}.e-con{--container-widget-width:100%}.e-con-inner>.elementor-widget-spacer,.e-con>.elementor-widget-spacer{width:var(--container-widget-width,var(--spacer-size));--align-self:var(--container-widget-align-self,initial);--flex-shrink:0}.e-con-inner>.elementor-widget-spacer>.elementor-widget-container,.e-con>.elementor-widget-spacer>.elementor-widget-container{height:100%;width:100%}.e-con-inner>.elementor-widget-spacer>.elementor-widget-container>.elementor-spacer,.e-con>.elementor-widget-spacer>.elementor-widget-container>.elementor-spacer{height:100%}.e-con-inner>.elementor-widget-spacer>.elementor-widget-container>.elementor-spacer>.elementor-spacer-inner,.e-con>.elementor-widget-spacer>.elementor-widget-container>.elementor-spacer>.elementor-spacer-inner{height:var(--container-widget-height,var(--spacer-size))}.e-con-inner>.elementor-widget-spacer.elementor-widget-empty,.e-con>.elementor-widget-spacer.elementor-widget-empty{position:relative;min-height:22px;min-width:22px}.e-con-inner>.elementor-widget-spacer.elementor-widget-empty .elementor-widget-empty-icon,.e-con>.elementor-widget-spacer.elementor-widget-empty .elementor-widget-empty-icon{position:absolute;top:0;bottom:0;left:0;right:0;margin:auto;padding:0;width:22px;height:22px}<\/style>\t\t<div class=\"elementor-spacer\">\n\t\t\t<div class=\"elementor-spacer-inner\"><\/div>\n\t\t<\/div>\n\t\t\t\t<\/div>\n\t\t\t\t<\/div>\n\t\t\t\t<div class=\"elementor-element elementor-element-8da03f3 elementor-widget elementor-widget-heading\" data-id=\"8da03f3\" data-element_type=\"widget\" data-widget_type=\"heading.default\">\n\t\t\t\t<div class=\"elementor-widget-container\">\n\t\t\t<style>\/*! elementor - v3.19.0 - 28-02-2024 *\/\n.elementor-heading-title{padding:0;margin:0;line-height:1}.elementor-widget-heading .elementor-heading-title[class*=elementor-size-]>a{color:inherit;font-size:inherit;line-height:inherit}.elementor-widget-heading .elementor-heading-title.elementor-size-small{font-size:15px}.elementor-widget-heading .elementor-heading-title.elementor-size-medium{font-size:19px}.elementor-widget-heading .elementor-heading-title.elementor-size-large{font-size:29px}.elementor-widget-heading .elementor-heading-title.elementor-size-xl{font-size:39px}.elementor-widget-heading .elementor-heading-title.elementor-size-xxl{font-size:59px}<\/style><h2 class=\"elementor-heading-title elementor-size-default\">TRASFORMAZIONI<\/h2>\t\t<\/div>\n\t\t\t\t<\/div>\n\t\t\t\t<div class=\"elementor-element elementor-element-f980d90 elementor-widget elementor-widget-text-editor\" data-id=\"f980d90\" data-element_type=\"widget\" data-widget_type=\"text-editor.default\">\n\t\t\t\t<div class=\"elementor-widget-container\">\n\t\t\t<style>\/*! elementor - v3.19.0 - 28-02-2024 *\/\n.elementor-widget-text-editor.elementor-drop-cap-view-stacked .elementor-drop-cap{background-color:#69727d;color:#fff}.elementor-widget-text-editor.elementor-drop-cap-view-framed .elementor-drop-cap{color:#69727d;border:3px solid;background-color:transparent}.elementor-widget-text-editor:not(.elementor-drop-cap-view-default) .elementor-drop-cap{margin-top:8px}.elementor-widget-text-editor:not(.elementor-drop-cap-view-default) .elementor-drop-cap-letter{width:1em;height:1em}.elementor-widget-text-editor .elementor-drop-cap{float:left;text-align:center;line-height:1;font-size:50px}.elementor-widget-text-editor .elementor-drop-cap-letter{display:inline-block}<\/style>\t\t\t\t<div class=\"fusion-layout-column fusion_builder_column fusion-builder-column-0 fusion_builder_column_1_1 1_1 fusion-one-full fusion-column-first fusion-column-last\">\n<div class=\"fusion-column-wrapper fusion-flex-column-wrapper-legacy\">\n<div class=\"fusion-text fusion-text-1\">\n<p>La trasformazione consiste nel cambiamento del tipo di organizzazione sociale. Pu\u00f2 accadere, ad esempio, che una societ\u00e0 di persone si trasformi in una di capitali o che una di societ\u00e0 di capitali (una S.r.l.) si trasformi in un altro tipo di societ\u00e0 sempre di capitali (una S.p.a.).<br>La nuova disciplina della trasformazione delle societ\u00e0 (artt. 2498 e ss.) ha previsto nuove ipotesi di trasformazione in passato non considerare dal codice civile. In via generale si afferma il principio comune a tutte le ipotesi di trasformazione, quello relativo alla continuit\u00e0 dei rapporti giuridici.<br>Lo studio segue il cliente in tutte le fasi necessarie per addivenire alla nuova forma societaria prescelta offrendo anche il servizio di redazione delle perizie di stima giurate necessarie alla procedura.<\/p>\n<\/div>\n<div class=\"fusion-clearfix\">&nbsp;<\/div>\n<\/div>\n<\/div>\n<div class=\"fusion-layout-column fusion_builder_column fusion-builder-column-1 fusion_builder_column_1_1 1_1 fusion-one-full fusion-column-first fusion-column-last\">\n<div class=\"fusion-column-wrapper fusion-flex-column-wrapper-legacy\">\n<div class=\"fusion-title title fusion-title-2 fusion-sep-none fusion-title-center fusion-title-text fusion-title-size-two\">\n<h2 class=\"title-heading-center fusion-responsive-typography-calculated\">Scissioni<\/h2><\/div>\n<div class=\"fusion-sep-clear\">&nbsp;<\/div>\n<div class=\"fusion-text fusion-text-2\">\n<p>E\u2019 noto che \u00e8 consentito operare la scissione sia a favore di societ\u00e0 preesistenti (scissione per incorporazione) sia a favore di societ\u00e0 di nuova costituzione (scissione in senso stretto).<br>Particolare \u00e8 la tecnica con la quale si realizza la scissione.<br>Ai soci della societ\u00e0 che si \u00e8 scissa sono assegnate le azioni o quote della societ\u00e0 beneficiaria della scissione; in altre parole i soci della vecchia societ\u00e0 scissa entrano a far parte a pieno titolo della societ\u00e0 beneficiaria.<br>Questo sistema, per\u00f2, trova una parziale deroga nel comma 2 dell\u2019art. 2506 che prevede, oltre alla possibilit\u00e0 di un conguaglio in denaro, che, per consenso unanime, ad alcuni soci non vengano distribuite azioni di una delle societ\u00e0 beneficiarie della scissione, ma azioni della societ\u00e0 scissa.<br>In merito al procedimento il codice civile (art. 2506 bis e ter ) richiama in gran parte alla disciplina della fusione, prevedendo la redazione di un progetto di scissione, la redazione di relazioni illustrative, il deposito degli atti nelle sedi delle societ\u00e0, le decisioni delle societ\u00e0 sulla scissione, l\u2019eventuale opposizione dei creditori sociali, la redazione dell\u2019atto di scissione per atto pubblico e, soprattutto, l\u2019applicazione dell\u2019art. 2504 quater.<br>Di tutti questi adempimenti si occupa in modo diretto lo studio seguendo tutto l\u2019iter e provvedendo anche alla redazione delle perizie giurate necessarie.<\/p>\n<\/div>\n<div class=\"fusion-clearfix\">&nbsp;<\/div>\n<\/div>\n<\/div>\n<div class=\"fusion-layout-column fusion_builder_column fusion-builder-column-2 fusion_builder_column_1_1 1_1 fusion-one-full fusion-column-first fusion-column-last\">\n<div class=\"fusion-column-wrapper fusion-flex-column-wrapper-legacy\">\n<div class=\"fusion-title title fusion-title-3 fusion-sep-none fusion-title-center fusion-title-text fusion-title-size-two\">\n<h2 class=\"title-heading-center fusion-responsive-typography-calculated\">Fusioni<\/h2>\n<\/div>\n<div class=\"fusion-sep-clear\">&nbsp;<\/div>\n<div class=\"fusion-text fusion-text-3\">\n<p>La fusione delle societ\u00e0 si attua secondo una complessa procedura prevista dagli articoli 2501 c.c. e seguenti.<br>Per fusione s\u2019intende sia la nascita di una nuova societ\u00e0 con la scomparsa delle vecchie (fusione propria) sia l\u2019incorporazione in una societ\u00e0 di una o pi\u00f9 societ\u00e0.<br>Lo studio accompagna il cliente in tutte le fasi necessarie alla realizzazione del piano fino al deposito presso il Registro delle Imprese dei progetti di fusione, alla redazione delle perizie ove necessarie e al coordinamento degli adempimenti con il notaio di riferimento.<\/p>\n<\/div>\n<div class=\"fusion-clearfix\">&nbsp;<\/div>\n<\/div>\n<\/div>\n<div class=\"fusion-layout-column fusion_builder_column fusion-builder-column-3 fusion_builder_column_1_1 1_1 fusion-one-full fusion-column-first fusion-column-last\">\n<div class=\"fusion-column-wrapper fusion-flex-column-wrapper-legacy\">\n<div class=\"fusion-title title fusion-title-4 fusion-sep-none fusion-title-center fusion-title-text fusion-title-size-two\">\n<h2 class=\"title-heading-center fusion-responsive-typography-calculated\">Liquidazioni<\/h2><\/div>\n<div class=\"fusion-sep-clear\">&nbsp;<\/div>\n<div class=\"fusion-text fusion-text-4\">\n<p>La liquidazione di una societ\u00e0, in senso generale, costituisce la fase finale della vita aziendale, essa \u00e8 la conseguenza del verificarsi di alcune cause di scioglimento .<br>Differente e ben distinta, dalla liquidazione cosiddetta \u201cforzata\u201d o \u201cgiudiziaria\u201d o \u201cconcorsuale\u201d, disposta dall\u2019autorit\u00e0 giudiziaria, \u00e8 un altro tipo di liquidazione \u201cla liquidazione volontaria\u201d, definita anche \u201cordinaria\u201d, essa \u00e8 regolata dal codice civile e consta di 3 fasi:&nbsp;<strong>scioglimento<\/strong>;&nbsp;<strong>liquidazione<\/strong>;&nbsp;<strong>estinzione<\/strong>.<\/p>\n<p>Lo studio accompagna il cliente nelle decisioni strategiche di tutte e tre le fasi in relazione alla fine dell\u2019attivit\u00e0 imprenditoriale portando le societ\u00e0 a chiudere al meglio la fase di liquidazione e fino al deposito del Bilancio Finale presso il registro delle Imprese con la conseguente pratica di cancellazione.<\/p>\n<\/div>\n<div class=\"fusion-clearfix\">&nbsp;<\/div>\n<\/div>\n<\/div>\n<div class=\"fusion-layout-column fusion_builder_column fusion-builder-column-4 fusion_builder_column_1_1 1_1 fusion-one-full fusion-column-first fusion-column-last\">\n<div class=\"fusion-column-wrapper fusion-flex-column-wrapper-legacy\">\n<div class=\"fusion-title title fusion-title-5 fusion-sep-none fusion-title-center fusion-title-text fusion-title-size-two\">\n<h2 class=\"title-heading-center fusion-responsive-typography-calculated\">Cessazioni<\/h2><\/div>\n<div class=\"fusion-sep-clear\">&nbsp;<\/div>\n<div class=\"fusion-text fusion-text-5\">\n<p>La fase di cessazione delle attivit\u00e0 relative alle imprese comporta una serie di adempimenti volti alla chiusura di tutte le posizioni fiscali, previdenziali, amministrative. Lo studio si occupa dell\u2019espletamento di tutte le pratiche e accompagna il cliente attraverso il percorso pi\u00f9 favorevole e pi\u00f9 opportuno anche da un punto di vista fiscale. In caso di posizioni relative anche al personale dipendente lo studio provvede ad espletare tutte le pratiche presso gli Enti previdenziali e presso il centro per l\u2019impiego.<\/p>\n<\/div>\n<\/div>\n<\/div>\t\t\t\t\t\t<\/div>\n\t\t\t\t<\/div>\n\t\t\t\t\t<\/div>\n\t\t\t\t<\/div>\n\t\t\t\t<\/div>\n\t\t","protected":false},"excerpt":{"rendered":"<p>TRASFORMAZIONI La trasformazione consiste nel cambiamento del tipo di organizzazione sociale. Pu\u00f2 accadere, ad esempio, che una societ\u00e0 di persone [&hellip;]<\/p>\n","protected":false},"author":1,"featured_media":0,"parent":0,"menu_order":0,"comment_status":"closed","ping_status":"closed","template":"","meta":{"om_disable_all_campaigns":false,"_monsterinsights_skip_tracking":false,"_monsterinsights_sitenote_active":false,"_monsterinsights_sitenote_note":"","_monsterinsights_sitenote_category":0,"site-sidebar-layout":"no-sidebar","site-content-layout":"","ast-site-content-layout":"full-width-container","site-content-style":"default","site-sidebar-style":"default","ast-global-header-display":"","ast-banner-title-visibility":"","ast-main-header-display":"","ast-hfb-above-header-display":"","ast-hfb-below-header-display":"","ast-hfb-mobile-header-display":"","site-post-title":"disabled","ast-breadcrumbs-content":"","ast-featured-img":"disabled","footer-sml-layout":"","theme-transparent-header-meta":"","adv-header-id-meta":"","stick-header-meta":"","header-above-stick-meta":"","header-main-stick-meta":"","header-below-stick-meta":"","astra-migrate-meta-layouts":"default","ast-page-background-enabled":"default","ast-page-background-meta":{"desktop":{"background-color":"var(--ast-global-color-4)","background-image":"","background-repeat":"repeat","background-position":"center center","background-size":"auto","background-attachment":"scroll","background-type":"","background-media":"","overlay-type":"","overlay-color":"","overlay-gradient":""},"tablet":{"background-color":"","background-image":"","background-repeat":"repeat","background-position":"center center","background-size":"auto","background-attachment":"scroll","background-type":"","background-media":"","overlay-type":"","overlay-color":"","overlay-gradient":""},"mobile":{"background-color":"","background-image":"","background-repeat":"repeat","background-position":"center center","background-size":"auto","background-attachment":"scroll","background-type":"","background-media":"","overlay-type":"","overlay-color":"","overlay-gradient":""}},"ast-content-background-meta":{"desktop":{"background-color":"var(--ast-global-color-5)","background-image":"","background-repeat":"repeat","background-position":"center center","background-size":"auto","background-attachment":"scroll","background-type":"","background-media":"","overlay-type":"","overlay-color":"","overlay-gradient":""},"tablet":{"background-color":"var(--ast-global-color-5)","background-image":"","background-repeat":"repeat","background-position":"center center","background-size":"auto","background-attachment":"scroll","background-type":"","background-media":"","overlay-type":"","overlay-color":"","overlay-gradient":""},"mobile":{"background-color":"var(--ast-global-color-5)","background-image":"","background-repeat":"repeat","background-position":"center center","background-size":"auto","background-attachment":"scroll","background-type":"","background-media":"","overlay-type":"","overlay-color":"","overlay-gradient":""}},"footnotes":""},"_links":{"self":[{"href":"https:\/\/www.apstudiocommerciale.com\/index.php\/wp-json\/wp\/v2\/pages\/502"}],"collection":[{"href":"https:\/\/www.apstudiocommerciale.com\/index.php\/wp-json\/wp\/v2\/pages"}],"about":[{"href":"https:\/\/www.apstudiocommerciale.com\/index.php\/wp-json\/wp\/v2\/types\/page"}],"author":[{"embeddable":true,"href":"https:\/\/www.apstudiocommerciale.com\/index.php\/wp-json\/wp\/v2\/users\/1"}],"replies":[{"embeddable":true,"href":"https:\/\/www.apstudiocommerciale.com\/index.php\/wp-json\/wp\/v2\/comments?post=502"}],"version-history":[{"count":4,"href":"https:\/\/www.apstudiocommerciale.com\/index.php\/wp-json\/wp\/v2\/pages\/502\/revisions"}],"predecessor-version":[{"id":506,"href":"https:\/\/www.apstudiocommerciale.com\/index.php\/wp-json\/wp\/v2\/pages\/502\/revisions\/506"}],"wp:attachment":[{"href":"https:\/\/www.apstudiocommerciale.com\/index.php\/wp-json\/wp\/v2\/media?parent=502"}],"curies":[{"name":"wp","href":"https:\/\/api.w.org\/{rel}","templated":true}]}}