{"id":953,"date":"2024-03-01T12:04:22","date_gmt":"2024-03-01T11:04:22","guid":{"rendered":"https:\/\/www.apstudiocommerciale.com\/?post_type=product&#038;p=953"},"modified":"2024-03-01T12:11:13","modified_gmt":"2024-03-01T11:11:13","slug":"variazione-dati-agenzia-entrate-e-cciaa","status":"publish","type":"product","link":"https:\/\/www.apstudiocommerciale.com\/index.php\/prodotto\/variazione-dati-agenzia-entrate-e-cciaa\/","title":{"rendered":"Variazione dati Agenzia Entrate e CCIAA"},"content":{"rendered":"<p>Questo servizio ti consente di variare i dati\u00a0 relativi alla tua partita iva\u00a0 comunicati all\u2019Agenzia delle Entrate e presso la Cemera di Commercio di riferimento<\/p>\n<p>Contattaci, il tuo commercialista on line, troverai un commercialista in grado di \u00a0seguirti e fornirti informazioni sulla\u00a0 necessit\u00e0 di variare dati\u00a0 presso\u00a0 l\u2019Agenzia delle Entrate e presso la Camera di Commercio<\/p>\n<p>Potrete valutare insieme quali sono i dati da variare, sarai seguito in tutta la fase di elaborazione della pratica.<\/p>\n<p>Se hai necessit\u00e0 di aggiungere un codice attivit\u00e0 al tuo attuale, questo \u00e8 il servizio giusto, ti consiglieremo il codice ateco\u00a0 pi\u00f9 idoneo ad individuare l\u2019attivit\u00e0 svolta e provveder\u00e0 comunicare la variazione<\/p>\n<p>Una volta stabilita la necessit\u00e0 ci invierai i tuoi dati anagrafici, il codice fiscale, la partita iva e la carta d\u2019identit\u00e0 con i quali compileremo i moduli per la variazione dati on line della partita iva ,\u00a0 entro ventiquattro ore dalla richiesta il tuo commercialista telematico ti\u00a0 invier\u00e0 la variazione dati in uno con la ricevuta di\u00a0 avvenuta presentazione .<\/p>\n<p>Stesso servizio di uno studio commercialista ma comodamente utilizzato dal tuo ufficio<\/p>\n","protected":false},"excerpt":{"rendered":"<p>Questo servizio ti consente di variare i dati\u00a0 relativi alla tua partita iva\u00a0 comunicati all\u2019Agenzia delle Entrate e presso la [&hellip;]<\/p>\n","protected":false},"featured_media":956,"template":"","meta":{"om_disable_all_campaigns":false,"_monsterinsights_skip_tracking":false,"_monsterinsights_sitenote_active":false,"_monsterinsights_sitenote_note":"","_monsterinsights_sitenote_category":0,"site-sidebar-layout":"default","site-content-layout":"","ast-site-content-layout":"default","site-content-style":"default","site-sidebar-style":"default","ast-global-header-display":"","ast-banner-title-visibility":"","ast-main-header-display":"","ast-hfb-above-header-display":"","ast-hfb-below-header-display":"","ast-hfb-mobile-header-display":"","site-post-title":"","ast-breadcrumbs-content":"","ast-featured-img":"","footer-sml-layout":"","theme-transparent-header-meta":"default","adv-header-id-meta":"","stick-header-meta":"","header-above-stick-meta":"","header-main-stick-meta":"","header-below-stick-meta":"","astra-migrate-meta-layouts":"set","ast-page-background-enabled":"default","ast-page-background-meta":{"desktop":{"background-color":"var(--ast-global-color-4)","background-image":"","background-repeat":"repeat","background-position":"center center","background-size":"auto","background-attachment":"scroll","background-type":"","background-media":"","overlay-type":"","overlay-color":"","overlay-gradient":""},"tablet":{"background-color":"","background-image":"","background-repeat":"repeat","background-position":"center center","background-size":"auto","background-attachment":"scroll","background-type":"","background-media":"","overlay-type":"","overlay-color":"","overlay-gradient":""},"mobile":{"background-color":"","background-image":"","background-repeat":"repeat","background-position":"center center","background-size":"auto","background-attachment":"scroll","background-type":"","background-media":"","overlay-type":"","overlay-color":"","overlay-gradient":""}},"ast-content-background-meta":{"desktop":{"background-color":"var(--ast-global-color-5)","background-image":"","background-repeat":"repeat","background-position":"center center","background-size":"auto","background-attachment":"scroll","background-type":"","background-media":"","overlay-type":"","overlay-color":"","overlay-gradient":""},"tablet":{"background-color":"var(--ast-global-color-5)","background-image":"","background-repeat":"repeat","background-position":"center center","background-size":"auto","background-attachment":"scroll","background-type":"","background-media":"","overlay-type":"","overlay-color":"","overlay-gradient":""},"mobile":{"background-color":"var(--ast-global-color-5)","background-image":"","background-repeat":"repeat","background-position":"center center","background-size":"auto","background-attachment":"scroll","background-type":"","background-media":"","overlay-type":"","overlay-color":"","overlay-gradient":""}}},"product_cat":[34],"product_tag":[],"_links":{"self":[{"href":"https:\/\/www.apstudiocommerciale.com\/index.php\/wp-json\/wp\/v2\/product\/953"}],"collection":[{"href":"https:\/\/www.apstudiocommerciale.com\/index.php\/wp-json\/wp\/v2\/product"}],"about":[{"href":"https:\/\/www.apstudiocommerciale.com\/index.php\/wp-json\/wp\/v2\/types\/product"}],"wp:featuredmedia":[{"embeddable":true,"href":"https:\/\/www.apstudiocommerciale.com\/index.php\/wp-json\/wp\/v2\/media\/956"}],"wp:attachment":[{"href":"https:\/\/www.apstudiocommerciale.com\/index.php\/wp-json\/wp\/v2\/media?parent=953"}],"wp:term":[{"taxonomy":"product_cat","embeddable":true,"href":"https:\/\/www.apstudiocommerciale.com\/index.php\/wp-json\/wp\/v2\/product_cat?post=953"},{"taxonomy":"product_tag","embeddable":true,"href":"https:\/\/www.apstudiocommerciale.com\/index.php\/wp-json\/wp\/v2\/product_tag?post=953"}],"curies":[{"name":"wp","href":"https:\/\/api.w.org\/{rel}","templated":true}]}}